{"id":25254,"date":"2023-10-27T11:46:13","date_gmt":"2023-10-27T09:46:13","guid":{"rendered":"https:\/\/soluxlab.fr\/?page_id=25254"},"modified":"2023-10-27T12:04:29","modified_gmt":"2023-10-27T10:04:29","slug":"la-texture","status":"publish","type":"page","link":"https:\/\/soluxlab.fr\/index.php\/la-texture\/","title":{"rendered":"La texture"},"content":{"rendered":"\t\t<div data-elementor-type=\"wp-page\" data-elementor-id=\"25254\" class=\"elementor elementor-25254\">\n\t\t\t\t\t\t<section class=\"elementor-section elementor-top-section elementor-element elementor-element-bf1e550 elementor-section-boxed elementor-section-height-default elementor-section-height-default\" data-id=\"bf1e550\" data-element_type=\"section\" data-e-type=\"section\">\n\t\t\t\t\t\t<div class=\"elementor-container elementor-column-gap-default\">\n\t\t\t\t\t<div class=\"elementor-column elementor-col-100 elementor-top-column elementor-element elementor-element-42e2856\" data-id=\"42e2856\" data-element_type=\"column\" data-e-type=\"column\">\n\t\t\t<div class=\"elementor-widget-wrap elementor-element-populated\">\n\t\t\t\t\t\t<div class=\"elementor-element elementor-element-016526e elementor-widget elementor-widget-heading\" data-id=\"016526e\" data-element_type=\"widget\" data-e-type=\"widget\" data-widget_type=\"heading.default\">\n\t\t\t\t<div class=\"elementor-widget-container\">\n\t\t\t\t\t<h2 class=\"elementor-heading-title elementor-size-default\">La texture un attribut de qualit\u00e9 essentiel \u00e0 tous les fruits et l\u00e9gumes<\/h2>\t\t\t\t<\/div>\n\t\t\t\t<\/div>\n\t\t\t\t\t<\/div>\n\t\t<\/div>\n\t\t\t\t\t<\/div>\n\t\t<\/section>\n\t\t\t\t<section class=\"elementor-section elementor-top-section elementor-element elementor-element-389052e elementor-section-boxed elementor-section-height-default elementor-section-height-default\" data-id=\"389052e\" data-element_type=\"section\" data-e-type=\"section\">\n\t\t\t\t\t\t<div class=\"elementor-container elementor-column-gap-default\">\n\t\t\t\t\t<div class=\"elementor-column elementor-col-100 elementor-top-column elementor-element elementor-element-373291e\" data-id=\"373291e\" data-element_type=\"column\" data-e-type=\"column\">\n\t\t\t<div class=\"elementor-widget-wrap elementor-element-populated\">\n\t\t\t\t\t\t<div class=\"elementor-element elementor-element-5a75e32 elementor-widget elementor-widget-text-editor\" data-id=\"5a75e32\" data-element_type=\"widget\" data-e-type=\"widget\" data-widget_type=\"text-editor.default\">\n\t\t\t\t<div class=\"elementor-widget-container\">\n\t\t\t\t\t\t\t\t\t<p>La texture est un attribut de qualit\u00e9 essentiel \u00e0 tous les fruits et l\u00e9gumes, qu\u2019il s\u2019agisse d\u2019\u00e9valuer la<br \/>maturit\u00e9 de l\u2019aliment brut ou la performance fonctionnelle dans leurs formes transform\u00e9es.<br \/>L\u2019\u00e9valuation de la texture des fruits et l\u00e9gumes, qu\u2019ils soient frais ou apr\u00e8s les traitements et la<br \/>transformation post-r\u00e9colte, montre qu\u2019il existe un lien \u00e9vident entre la texture anticip\u00e9e de ces<br \/>produits alimentaires et leur qualit\u00e9.<\/p><p>\u2022 Tomates m\u00fbres et juteuses<br \/>\u2022 Pommes croquantes<br \/>\u2022 Oranges succulentes<\/p><p>Ceux-ci sont maintenant commun\u00e9ment associ\u00e9s comme la norme pour l\u2019\u00e9tat, la sensation et le go\u00fbt<br \/>acceptables de ces aliments.<br \/>Si une fraise est trop molle, elle n\u2019est plus souhaitable, c\u2019est pourquoi les caract\u00e9ristiques sensorielles<br \/>doivent \u00eatre \u00e9valu\u00e9es en permanence pour surveiller les normes de qualit\u00e9 afin, par exemple,<br \/>d\u2019\u00e9tablir le moment optimal pour cueillir la meilleure r\u00e9colte et produire un produit fini toujours bon.<br \/>L\u2019inclusion de fruits et l\u00e9gumes dans les produits transform\u00e9s; Cat\u00e9goris\u00e9 comme v\u00e9g\u00e9talien,<br \/>v\u00e9g\u00e9tarien ou \u00e0 base de plantes, exige que le transformateur fournisse une texture de qualit\u00e9 \u00e0 partir<br \/>d\u2019une formulation avec des ingr\u00e9dients sp\u00e9cifiques et restreints. Souvent, ces aliments sont des<br \/>substituts et, en tant que tels, doivent \u00eatre test\u00e9s pour reproduire \u00e9troitement une sensation en<br \/>bouche souhait\u00e9e semblable \u00e0 un autre type de source de nourriture.<\/p><p>Les fruits et les l\u00e9gumes diff\u00e8rent consid\u00e9rablement en texture les uns des autres, c\u2019est pourquoi une<br \/>gamme de techniques de test de texture est disponible pour \u00e9valuer avec pr\u00e9cision leurs<br \/>caract\u00e9ristiques. Les descriptions courantes de texture sensorielle des consommateurs, en particulier<br \/>les produits frais, sont les suivantes :<\/p><p>Croustillance<br \/>Duret\u00e9<\/p><p>Jutosit\u00e9<br \/>R\u00e9sistance<br \/>Fermet\u00e9<br \/>Fibrosit\u00e9<\/p><p>Ces caract\u00e9ristiques peuvent \u00eatre mesur\u00e9es et compar\u00e9es tout au long de la production et de la<br \/>transformation pour \u00e9valuer les changements de texture. Diff\u00e9rentes vari\u00e9t\u00e9s du m\u00eame type de fruit<br \/>ou de l\u00e9gume, par exemple les poires, peuvent \u00eatre facilement examin\u00e9es pour d\u00e9terminer les<br \/>diff\u00e9rences de texture.<\/p><p>La texture des pois pour la r\u00e9colte est un champ sp\u00e9cialis\u00e9, qui n\u00e9cessite un tend\u00e9rom\u00e8tre.<\/p>\t\t\t\t\t\t\t\t<\/div>\n\t\t\t\t<\/div>\n\t\t\t\t\t<\/div>\n\t\t<\/div>\n\t\t\t\t\t<\/div>\n\t\t<\/section>\n\t\t\t\t<section class=\"elementor-section elementor-top-section elementor-element elementor-element-9e59e4f elementor-section-boxed elementor-section-height-default elementor-section-height-default\" data-id=\"9e59e4f\" data-element_type=\"section\" data-e-type=\"section\">\n\t\t\t\t\t\t<div class=\"elementor-container elementor-column-gap-default\">\n\t\t\t\t\t<div class=\"elementor-column elementor-col-100 elementor-top-column elementor-element elementor-element-f091586\" data-id=\"f091586\" data-element_type=\"column\" data-e-type=\"column\">\n\t\t\t<div class=\"elementor-widget-wrap elementor-element-populated\">\n\t\t\t\t\t\t<div class=\"elementor-element elementor-element-71bd5ad elementor-widget elementor-widget-image\" data-id=\"71bd5ad\" data-element_type=\"widget\" data-e-type=\"widget\" data-widget_type=\"image.default\">\n\t\t\t\t<div class=\"elementor-widget-container\">\n\t\t\t\t\t\t\t\t\t\t\t\t\t\t\t<img fetchpriority=\"high\" decoding=\"async\" width=\"240\" height=\"240\" src=\"https:\/\/soluxlab.fr\/wp-content\/uploads\/2023\/10\/fruit_industry-1.jpg\" class=\"attachment-large size-large wp-image-25249\" alt=\"\" srcset=\"https:\/\/soluxlab.fr\/wp-content\/uploads\/2023\/10\/fruit_industry-1.jpg 240w, https:\/\/soluxlab.fr\/wp-content\/uploads\/2023\/10\/fruit_industry-1-100x100.jpg 100w, https:\/\/soluxlab.fr\/wp-content\/uploads\/2023\/10\/fruit_industry-1-150x150.jpg 150w\" sizes=\"(max-width: 240px) 100vw, 240px\" \/>\t\t\t\t\t\t\t\t\t\t\t\t\t\t\t<\/div>\n\t\t\t\t<\/div>\n\t\t\t\t\t<\/div>\n\t\t<\/div>\n\t\t\t\t\t<\/div>\n\t\t<\/section>\n\t\t\t\t<\/div>\n\t\t","protected":false},"excerpt":{"rendered":"<p>La texture un attribut de qualit\u00e9 essentiel \u00e0 tous les fruits et l\u00e9gumes La texture est un attribut de qualit\u00e9 essentiel \u00e0 tous les fruits et l\u00e9gumes, qu\u2019il s\u2019agisse d\u2019\u00e9valuer lamaturit\u00e9 de l\u2019aliment brut ou la performance fonctionnelle dans leurs formes transform\u00e9es.L\u2019\u00e9valuation de la texture des fruits et l\u00e9gumes, qu\u2019ils soient frais ou apr\u00e8s les [&hellip;]<\/p>\n","protected":false},"author":1,"featured_media":0,"parent":0,"menu_order":0,"comment_status":"closed","ping_status":"closed","template":"","meta":{"site-sidebar-layout":"no-sidebar","site-content-layout":"page-builder","ast-site-content-layout":"full-width-container","site-content-style":"default","site-sidebar-style":"default","ast-global-header-display":"","ast-banner-title-visibility":"","ast-main-header-display":"","ast-hfb-above-header-display":"","ast-hfb-below-header-display":"","ast-hfb-mobile-header-display":"","site-post-title":"disabled","ast-breadcrumbs-content":"","ast-featured-img":"disabled","footer-sml-layout":"","ast-disable-related-posts":"","theme-transparent-header-meta":"","adv-header-id-meta":"","stick-header-meta":"","header-above-stick-meta":"","header-main-stick-meta":"","header-below-stick-meta":"","astra-migrate-meta-layouts":"set","ast-page-background-enabled":"default","ast-page-background-meta":{"desktop":{"background-color":"","background-image":"","background-repeat":"repeat","background-position":"center center","background-size":"auto","background-attachment":"scroll","background-type":"","background-media":"","overlay-type":"","overlay-color":"","overlay-opacity":"","overlay-gradient":""},"tablet":{"background-color":"","background-image":"","background-repeat":"repeat","background-position":"center center","background-size":"auto","background-attachment":"scroll","background-type":"","background-media":"","overlay-type":"","overlay-color":"","overlay-opacity":"","overlay-gradient":""},"mobile":{"background-color":"","background-image":"","background-repeat":"repeat","background-position":"center center","background-size":"auto","background-attachment":"scroll","background-type":"","background-media":"","overlay-type":"","overlay-color":"","overlay-opacity":"","overlay-gradient":""}},"ast-content-background-meta":{"desktop":{"background-color":"var(--ast-global-color-5)","background-image":"","background-repeat":"repeat","background-position":"center center","background-size":"auto","background-attachment":"scroll","background-type":"","background-media":"","overlay-type":"","overlay-color":"","overlay-opacity":"","overlay-gradient":""},"tablet":{"background-color":"var(--ast-global-color-5)","background-image":"","background-repeat":"repeat","background-position":"center center","background-size":"auto","background-attachment":"scroll","background-type":"","background-media":"","overlay-type":"","overlay-color":"","overlay-opacity":"","overlay-gradient":""},"mobile":{"background-color":"var(--ast-global-color-5)","background-image":"","background-repeat":"repeat","background-position":"center center","background-size":"auto","background-attachment":"scroll","background-type":"","background-media":"","overlay-type":"","overlay-color":"","overlay-opacity":"","overlay-gradient":""}},"footnotes":""},"class_list":["post-25254","page","type-page","status-publish","hentry"],"yoast_head":"<!-- This site is optimized with the Yoast SEO plugin v27.2 - https:\/\/yoast.com\/product\/yoast-seo-wordpress\/ -->\n<title>La texture - Soluxlab<\/title>\n<meta name=\"robots\" content=\"index, follow, max-snippet:-1, max-image-preview:large, max-video-preview:-1\" \/>\n<link rel=\"canonical\" href=\"https:\/\/soluxlab.fr\/index.php\/la-texture\/\" \/>\n<meta property=\"og:locale\" content=\"fr_FR\" \/>\n<meta property=\"og:type\" content=\"article\" \/>\n<meta property=\"og:title\" content=\"La texture - Soluxlab\" \/>\n<meta property=\"og:description\" content=\"La texture un attribut de qualit\u00e9 essentiel \u00e0 tous les fruits et l\u00e9gumes La texture est un attribut de qualit\u00e9 essentiel \u00e0 tous les fruits et l\u00e9gumes, qu\u2019il s\u2019agisse d\u2019\u00e9valuer lamaturit\u00e9 de l\u2019aliment brut ou la performance fonctionnelle dans leurs formes transform\u00e9es.L\u2019\u00e9valuation de la texture des fruits et l\u00e9gumes, qu\u2019ils soient frais ou apr\u00e8s les [&hellip;]\" \/>\n<meta property=\"og:url\" content=\"https:\/\/soluxlab.fr\/index.php\/la-texture\/\" \/>\n<meta property=\"og:site_name\" content=\"Soluxlab\" \/>\n<meta property=\"article:modified_time\" content=\"2023-10-27T10:04:29+00:00\" \/>\n<meta property=\"og:image\" content=\"http:\/\/soluxlab.fr\/wp-content\/uploads\/2023\/10\/fruit_industry-1.jpg\" \/>\n<meta name=\"twitter:card\" content=\"summary_large_image\" \/>\n<meta name=\"twitter:label1\" content=\"Dur\u00e9e de lecture estim\u00e9e\" \/>\n\t<meta name=\"twitter:data1\" content=\"2 minutes\" \/>\n<script type=\"application\/ld+json\" class=\"yoast-schema-graph\">{\"@context\":\"https:\/\/schema.org\",\"@graph\":[{\"@type\":\"WebPage\",\"@id\":\"https:\/\/soluxlab.fr\/index.php\/la-texture\/\",\"url\":\"https:\/\/soluxlab.fr\/index.php\/la-texture\/\",\"name\":\"La texture - Soluxlab\",\"isPartOf\":{\"@id\":\"https:\/\/soluxlab.fr\/#website\"},\"primaryImageOfPage\":{\"@id\":\"https:\/\/soluxlab.fr\/index.php\/la-texture\/#primaryimage\"},\"image\":{\"@id\":\"https:\/\/soluxlab.fr\/index.php\/la-texture\/#primaryimage\"},\"thumbnailUrl\":\"http:\/\/soluxlab.fr\/wp-content\/uploads\/2023\/10\/fruit_industry-1.jpg\",\"datePublished\":\"2023-10-27T09:46:13+00:00\",\"dateModified\":\"2023-10-27T10:04:29+00:00\",\"breadcrumb\":{\"@id\":\"https:\/\/soluxlab.fr\/index.php\/la-texture\/#breadcrumb\"},\"inLanguage\":\"fr-FR\",\"potentialAction\":[{\"@type\":\"ReadAction\",\"target\":[\"https:\/\/soluxlab.fr\/index.php\/la-texture\/\"]}]},{\"@type\":\"ImageObject\",\"inLanguage\":\"fr-FR\",\"@id\":\"https:\/\/soluxlab.fr\/index.php\/la-texture\/#primaryimage\",\"url\":\"http:\/\/soluxlab.fr\/wp-content\/uploads\/2023\/10\/fruit_industry-1.jpg\",\"contentUrl\":\"http:\/\/soluxlab.fr\/wp-content\/uploads\/2023\/10\/fruit_industry-1.jpg\"},{\"@type\":\"BreadcrumbList\",\"@id\":\"https:\/\/soluxlab.fr\/index.php\/la-texture\/#breadcrumb\",\"itemListElement\":[{\"@type\":\"ListItem\",\"position\":1,\"name\":\"Accueil\",\"item\":\"https:\/\/soluxlab.fr\/\"},{\"@type\":\"ListItem\",\"position\":2,\"name\":\"La texture\"}]},{\"@type\":\"WebSite\",\"@id\":\"https:\/\/soluxlab.fr\/#website\",\"url\":\"https:\/\/soluxlab.fr\/\",\"name\":\"Soluxlab\",\"description\":\"Solution et mat\u00e9riel d&#039;analyse\",\"publisher\":{\"@id\":\"https:\/\/soluxlab.fr\/#organization\"},\"potentialAction\":[{\"@type\":\"SearchAction\",\"target\":{\"@type\":\"EntryPoint\",\"urlTemplate\":\"https:\/\/soluxlab.fr\/?s={search_term_string}\"},\"query-input\":{\"@type\":\"PropertyValueSpecification\",\"valueRequired\":true,\"valueName\":\"search_term_string\"}}],\"inLanguage\":\"fr-FR\"},{\"@type\":\"Organization\",\"@id\":\"https:\/\/soluxlab.fr\/#organization\",\"name\":\"Soluxlab\",\"url\":\"https:\/\/soluxlab.fr\/\",\"logo\":{\"@type\":\"ImageObject\",\"inLanguage\":\"fr-FR\",\"@id\":\"https:\/\/soluxlab.fr\/#\/schema\/logo\/image\/\",\"url\":\"https:\/\/soluxlab.fr\/wp-content\/uploads\/2026\/04\/cropped-Logo-SOLUXLAB-transparent-2.png\",\"contentUrl\":\"https:\/\/soluxlab.fr\/wp-content\/uploads\/2026\/04\/cropped-Logo-SOLUXLAB-transparent-2.png\",\"width\":562,\"height\":293,\"caption\":\"Soluxlab\"},\"image\":{\"@id\":\"https:\/\/soluxlab.fr\/#\/schema\/logo\/image\/\"}}]}<\/script>\n<!-- \/ Yoast SEO plugin. -->","yoast_head_json":{"title":"La texture - Soluxlab","robots":{"index":"index","follow":"follow","max-snippet":"max-snippet:-1","max-image-preview":"max-image-preview:large","max-video-preview":"max-video-preview:-1"},"canonical":"https:\/\/soluxlab.fr\/index.php\/la-texture\/","og_locale":"fr_FR","og_type":"article","og_title":"La texture - Soluxlab","og_description":"La texture un attribut de qualit\u00e9 essentiel \u00e0 tous les fruits et l\u00e9gumes La texture est un attribut de qualit\u00e9 essentiel \u00e0 tous les fruits et l\u00e9gumes, qu\u2019il s\u2019agisse d\u2019\u00e9valuer lamaturit\u00e9 de l\u2019aliment brut ou la performance fonctionnelle dans leurs formes transform\u00e9es.L\u2019\u00e9valuation de la texture des fruits et l\u00e9gumes, qu\u2019ils soient frais ou apr\u00e8s les [&hellip;]","og_url":"https:\/\/soluxlab.fr\/index.php\/la-texture\/","og_site_name":"Soluxlab","article_modified_time":"2023-10-27T10:04:29+00:00","og_image":[{"url":"http:\/\/soluxlab.fr\/wp-content\/uploads\/2023\/10\/fruit_industry-1.jpg","type":"","width":"","height":""}],"twitter_card":"summary_large_image","twitter_misc":{"Dur\u00e9e de lecture estim\u00e9e":"2 minutes"},"schema":{"@context":"https:\/\/schema.org","@graph":[{"@type":"WebPage","@id":"https:\/\/soluxlab.fr\/index.php\/la-texture\/","url":"https:\/\/soluxlab.fr\/index.php\/la-texture\/","name":"La texture - Soluxlab","isPartOf":{"@id":"https:\/\/soluxlab.fr\/#website"},"primaryImageOfPage":{"@id":"https:\/\/soluxlab.fr\/index.php\/la-texture\/#primaryimage"},"image":{"@id":"https:\/\/soluxlab.fr\/index.php\/la-texture\/#primaryimage"},"thumbnailUrl":"http:\/\/soluxlab.fr\/wp-content\/uploads\/2023\/10\/fruit_industry-1.jpg","datePublished":"2023-10-27T09:46:13+00:00","dateModified":"2023-10-27T10:04:29+00:00","breadcrumb":{"@id":"https:\/\/soluxlab.fr\/index.php\/la-texture\/#breadcrumb"},"inLanguage":"fr-FR","potentialAction":[{"@type":"ReadAction","target":["https:\/\/soluxlab.fr\/index.php\/la-texture\/"]}]},{"@type":"ImageObject","inLanguage":"fr-FR","@id":"https:\/\/soluxlab.fr\/index.php\/la-texture\/#primaryimage","url":"http:\/\/soluxlab.fr\/wp-content\/uploads\/2023\/10\/fruit_industry-1.jpg","contentUrl":"http:\/\/soluxlab.fr\/wp-content\/uploads\/2023\/10\/fruit_industry-1.jpg"},{"@type":"BreadcrumbList","@id":"https:\/\/soluxlab.fr\/index.php\/la-texture\/#breadcrumb","itemListElement":[{"@type":"ListItem","position":1,"name":"Accueil","item":"https:\/\/soluxlab.fr\/"},{"@type":"ListItem","position":2,"name":"La texture"}]},{"@type":"WebSite","@id":"https:\/\/soluxlab.fr\/#website","url":"https:\/\/soluxlab.fr\/","name":"Soluxlab","description":"Solution et mat\u00e9riel d&#039;analyse","publisher":{"@id":"https:\/\/soluxlab.fr\/#organization"},"potentialAction":[{"@type":"SearchAction","target":{"@type":"EntryPoint","urlTemplate":"https:\/\/soluxlab.fr\/?s={search_term_string}"},"query-input":{"@type":"PropertyValueSpecification","valueRequired":true,"valueName":"search_term_string"}}],"inLanguage":"fr-FR"},{"@type":"Organization","@id":"https:\/\/soluxlab.fr\/#organization","name":"Soluxlab","url":"https:\/\/soluxlab.fr\/","logo":{"@type":"ImageObject","inLanguage":"fr-FR","@id":"https:\/\/soluxlab.fr\/#\/schema\/logo\/image\/","url":"https:\/\/soluxlab.fr\/wp-content\/uploads\/2026\/04\/cropped-Logo-SOLUXLAB-transparent-2.png","contentUrl":"https:\/\/soluxlab.fr\/wp-content\/uploads\/2026\/04\/cropped-Logo-SOLUXLAB-transparent-2.png","width":562,"height":293,"caption":"Soluxlab"},"image":{"@id":"https:\/\/soluxlab.fr\/#\/schema\/logo\/image\/"}}]}},"_links":{"self":[{"href":"https:\/\/soluxlab.fr\/index.php\/wp-json\/wp\/v2\/pages\/25254","targetHints":{"allow":["GET"]}}],"collection":[{"href":"https:\/\/soluxlab.fr\/index.php\/wp-json\/wp\/v2\/pages"}],"about":[{"href":"https:\/\/soluxlab.fr\/index.php\/wp-json\/wp\/v2\/types\/page"}],"author":[{"embeddable":true,"href":"https:\/\/soluxlab.fr\/index.php\/wp-json\/wp\/v2\/users\/1"}],"replies":[{"embeddable":true,"href":"https:\/\/soluxlab.fr\/index.php\/wp-json\/wp\/v2\/comments?post=25254"}],"version-history":[{"count":5,"href":"https:\/\/soluxlab.fr\/index.php\/wp-json\/wp\/v2\/pages\/25254\/revisions"}],"predecessor-version":[{"id":25266,"href":"https:\/\/soluxlab.fr\/index.php\/wp-json\/wp\/v2\/pages\/25254\/revisions\/25266"}],"wp:attachment":[{"href":"https:\/\/soluxlab.fr\/index.php\/wp-json\/wp\/v2\/media?parent=25254"}],"curies":[{"name":"wp","href":"https:\/\/api.w.org\/{rel}","templated":true}]}}